{"id":3571,"date":"2022-06-09T19:41:51","date_gmt":"2022-06-09T18:41:51","guid":{"rendered":"https:\/\/carnal.pt\/carne-da-nossa-carne\/"},"modified":"2024-01-09T14:21:10","modified_gmt":"2024-01-09T14:21:10","slug":"blood-of-our-blood","status":"publish","type":"page","link":"https:\/\/carnal.pt\/en\/blood-of-our-blood\/","title":{"rendered":"Blood of our blood"},"content":{"rendered":"<p>[et_pb_section fb_built=&#8221;1&#8243; disabled_on=&#8221;off|off|off&#8221; module_class=&#8221;altura_menu&#8221; _builder_version=&#8221;4.17.4&#8243; _module_preset=&#8221;default&#8221; background_enable_color=&#8221;off&#8221; background_image=&#8221;https:\/\/carnal.pt\/wp-content\/uploads\/2022\/03\/Imagem-PArede.jpg&#8221; min_height=&#8221;100vh&#8221; custom_margin=&#8221;||||false|false&#8221; custom_padding=&#8221;0px||||false|false&#8221; custom_css_main_element=&#8221;display: flex; ||flex-direction: column; ||justify-content: center;&#8221; locked=&#8221;off&#8221; global_colors_info=&#8221;{}&#8221;][et_pb_row column_structure=&#8221;3_5,2_5&#8243; _builder_version=&#8221;4.17.4&#8243; _module_preset=&#8221;default&#8221; custom_padding=&#8221;80px||||false|false&#8221; global_colors_info=&#8221;{}&#8221;][et_pb_column type=&#8221;3_5&#8243; _builder_version=&#8221;4.16&#8243; _module_preset=&#8221;default&#8221; global_colors_info=&#8221;{}&#8221;][et_pb_text _builder_version=&#8221;4.17.4&#8243; _module_preset=&#8221;default&#8221; header_text_color=&#8221;#101010&#8243; header_font_size=&#8221;6rem&#8221; header_2_text_color=&#8221;#101010&#8243; header_2_font_size=&#8221;4rem&#8221; header_3_text_color=&#8221;#101010&#8243; header_3_font_size=&#8221;3rem&#8221; header_4_text_color=&#8221;#101010&#8243; header_4_font_size=&#8221;2rem&#8221; header_5_font_size=&#8221;1rem&#8221; custom_padding_tablet=&#8221;&#8221; custom_padding_phone=&#8221;40px||||false|false&#8221; custom_padding_last_edited=&#8221;on|phone&#8221; header_font_size_tablet=&#8221;5rem&#8221; header_font_size_phone=&#8221;3rem&#8221; header_font_size_last_edited=&#8221;on|phone&#8221; locked=&#8221;off&#8221; global_colors_info=&#8221;{}&#8221;]<\/p>\n<h1>Blood of our blood<\/h1>\n<p>[\/et_pb_text][et_pb_blurb module_class=&#8221;ficha_tecnica&#8221; _builder_version=&#8221;4.17.6&#8243; _module_preset=&#8221;default&#8221; header_level=&#8221;h3&#8243; header_text_color=&#8221;#C64B38&#8243; header_font_size=&#8221;1.4rem&#8221; body_font_size=&#8221;1rem&#8221; body_link_font=&#8221;||||on|||rgba(0,0,0,0.3)|&#8221; body_link_text_color=&#8221;#000000&#8243; body_font_size_tablet=&#8221;1rem&#8221; body_font_size_phone=&#8221;0.9rem&#8221; body_font_size_last_edited=&#8221;on|phone&#8221; global_colors_info=&#8221;{}&#8221;]<\/p>\n<p bis_size=\"{&quot;x&quot;:11,&quot;y&quot;:16,&quot;w&quot;:723,&quot;h&quot;:576,&quot;abs_x&quot;:560,&quot;abs_y&quot;:713}\"><strong bis_size=\"{&quot;x&quot;:11,&quot;y&quot;:18,&quot;w&quot;:104,&quot;h&quot;:19,&quot;abs_x&quot;:560,&quot;abs_y&quot;:715}\">Chef Patr\u00f3n:<\/strong> Ljubomir Stanisic<br bis_size=\"{&quot;x&quot;:245,&quot;y&quot;:18,&quot;w&quot;:0,&quot;h&quot;:19,&quot;abs_x&quot;:794,&quot;abs_y&quot;:715}\" \/><strong bis_size=\"{&quot;x&quot;:11,&quot;y&quot;:42,&quot;w&quot;:113,&quot;h&quot;:19,&quot;abs_x&quot;:560,&quot;abs_y&quot;:739}\">Management:<\/strong> Nelson Santos<br bis_size=\"{&quot;x&quot;:229,&quot;y&quot;:42,&quot;w&quot;:0,&quot;h&quot;:19,&quot;abs_x&quot;:778,&quot;abs_y&quot;:739}\" \/><strong bis_size=\"{&quot;x&quot;:11,&quot;y&quot;:66,&quot;w&quot;:118,&quot;h&quot;:19,&quot;abs_x&quot;:560,&quot;abs_y&quot;:763}\">F&amp;B Manager:<\/strong> Nuno Faria<br bis_size=\"{&quot;x&quot;:214,&quot;y&quot;:66,&quot;w&quot;:0,&quot;h&quot;:19,&quot;abs_x&quot;:763,&quot;abs_y&quot;:763}\" \/><strong bis_size=\"{&quot;x&quot;:11,&quot;y&quot;:90,&quot;w&quot;:180,&quot;h&quot;:19,&quot;abs_x&quot;:560,&quot;abs_y&quot;:787}\">Management Control:<\/strong> Miguel \u00c2ngelo Fernandes<br bis_size=\"{&quot;x&quot;:376,&quot;y&quot;:90,&quot;w&quot;:0,&quot;h&quot;:19,&quot;abs_x&quot;:925,&quot;abs_y&quot;:787}\" \/><strong bis_size=\"{&quot;x&quot;:11,&quot;y&quot;:114,&quot;w&quot;:127,&quot;h&quot;:19,&quot;abs_x&quot;:560,&quot;abs_y&quot;:811}\">Executive Chef:<\/strong> Manuel Maldonado<br bis_size=\"{&quot;x&quot;:280,&quot;y&quot;:114,&quot;w&quot;:0,&quot;h&quot;:19,&quot;abs_x&quot;:829,&quot;abs_y&quot;:811}\" \/><strong bis_size=\"{&quot;x&quot;:11,&quot;y&quot;:162,&quot;w&quot;:91,&quot;h&quot;:19,&quot;abs_x&quot;:560,&quot;abs_y&quot;:859}\">Head Chef:<\/strong> Luis Ortiz<br bis_size=\"{&quot;x&quot;:260,&quot;y&quot;:186,&quot;w&quot;:0,&quot;h&quot;:19,&quot;abs_x&quot;:809,&quot;abs_y&quot;:883}\" \/><strong bis_size=\"{&quot;x&quot;:11,&quot;y&quot;:210,&quot;w&quot;:32,&quot;h&quot;:19,&quot;abs_x&quot;:560,&quot;abs_y&quot;:907}\">Art:<\/strong> Carlito Dalceggio<br bis_size=\"{&quot;x&quot;:168,&quot;y&quot;:210,&quot;w&quot;:0,&quot;h&quot;:19,&quot;abs_x&quot;:717,&quot;abs_y&quot;:907}\" \/><strong bis_size=\"{&quot;x&quot;:11,&quot;y&quot;:234,&quot;w&quot;:393,&quot;h&quot;:19,&quot;abs_x&quot;:560,&quot;abs_y&quot;:931}\">Creative Direction, Image and Communication: <\/strong>M\u00f3nica Franco<br bis_size=\"{&quot;x&quot;:511,&quot;y&quot;:234,&quot;w&quot;:0,&quot;h&quot;:19,&quot;abs_x&quot;:1060,&quot;abs_y&quot;:931}\" \/><strong bis_size=\"{&quot;x&quot;:11,&quot;y&quot;:258,&quot;w&quot;:208,&quot;h&quot;:19,&quot;abs_x&quot;:560,&quot;abs_y&quot;:955}\">Press &amp; Communication: <\/strong>Laura Patr\u00edcio, Beatriz Ser\u00e1pio<br bis_size=\"{&quot;x&quot;:463,&quot;y&quot;:258,&quot;w&quot;:0,&quot;h&quot;:19,&quot;abs_x&quot;:1012,&quot;abs_y&quot;:955}\" \/><strong bis_size=\"{&quot;x&quot;:11,&quot;y&quot;:282,&quot;w&quot;:141,&quot;h&quot;:19,&quot;abs_x&quot;:560,&quot;abs_y&quot;:979}\">Graphic Identity:<\/strong> Gil Correia, Dina Camacho<br bis_size=\"{&quot;x&quot;:345,&quot;y&quot;:282,&quot;w&quot;:0,&quot;h&quot;:19,&quot;abs_x&quot;:894,&quot;abs_y&quot;:979}\" \/><strong bis_size=\"{&quot;x&quot;:11,&quot;y&quot;:306,&quot;w&quot;:198,&quot;h&quot;:19,&quot;abs_x&quot;:560,&quot;abs_y&quot;:1003}\">Webdesign &amp; Web Care:<\/strong> <a href=\"https:\/\/binarybrigade.pt\/\" bis_size=\"{&quot;x&quot;:211,&quot;y&quot;:306,&quot;w&quot;:105,&quot;h&quot;:19,&quot;abs_x&quot;:760,&quot;abs_y&quot;:1003}\" target=\"_blank\" rel=\"noopener\">BinaryBrigade<\/a><br bis_size=\"{&quot;x&quot;:314,&quot;y&quot;:306,&quot;w&quot;:0,&quot;h&quot;:19,&quot;abs_x&quot;:863,&quot;abs_y&quot;:1003}\" \/><strong bis_size=\"{&quot;x&quot;:11,&quot;y&quot;:330,&quot;w&quot;:92,&quot;h&quot;:19,&quot;abs_x&quot;:560,&quot;abs_y&quot;:1027}\">Tableware:<\/strong> Maria Portugal Terracota \/ Villacer<br bis_size=\"{&quot;x&quot;:355,&quot;y&quot;:330,&quot;w&quot;:0,&quot;h&quot;:19,&quot;abs_x&quot;:904,&quot;abs_y&quot;:1027}\" \/><strong bis_size=\"{&quot;x&quot;:11,&quot;y&quot;:354,&quot;w&quot;:70,&quot;h&quot;:19,&quot;abs_x&quot;:560,&quot;abs_y&quot;:1051}\">Cutlery: <\/strong>Cristema<br bis_size=\"{&quot;x&quot;:145,&quot;y&quot;:354,&quot;w&quot;:0,&quot;h&quot;:19,&quot;abs_x&quot;:694,&quot;abs_y&quot;:1051}\" \/><strong bis_size=\"{&quot;x&quot;:11,&quot;y&quot;:378,&quot;w&quot;:85,&quot;h&quot;:19,&quot;abs_x&quot;:560,&quot;abs_y&quot;:1075}\">Uniforms:<\/strong> Carlito Dalceggio, +351<br bis_size=\"{&quot;x&quot;:264,&quot;y&quot;:378,&quot;w&quot;:0,&quot;h&quot;:19,&quot;abs_x&quot;:813,&quot;abs_y&quot;:1075}\" \/><strong bis_size=\"{&quot;x&quot;:11,&quot;y&quot;:402,&quot;w&quot;:55,&quot;h&quot;:19,&quot;abs_x&quot;:560,&quot;abs_y&quot;:1099}\">Music:<\/strong> Nuno Faria, Carlito Dalceggio, Miguel \u00c2ngelo Fernandes<br bis_size=\"{&quot;x&quot;:469,&quot;y&quot;:402,&quot;w&quot;:0,&quot;h&quot;:19,&quot;abs_x&quot;:1018,&quot;abs_y&quot;:1099}\" \/><strong bis_size=\"{&quot;x&quot;:11,&quot;y&quot;:426,&quot;w&quot;:102,&quot;h&quot;:19,&quot;abs_x&quot;:560,&quot;abs_y&quot;:1123}\">Wine labels:<\/strong> Binau, Fiumani, Jacqueline de Montaigne, Patr\u00edcia<br bis_size=\"{&quot;x&quot;:474,&quot;y&quot;:426,&quot;w&quot;:0,&quot;h&quot;:19,&quot;abs_x&quot;:1023,&quot;abs_y&quot;:1123}\" \/>Mariano\/ becauseartmatters; Carlito Dalceggio<br bis_size=\"{&quot;x&quot;:343,&quot;y&quot;:450,&quot;w&quot;:0,&quot;h&quot;:19,&quot;abs_x&quot;:892,&quot;abs_y&quot;:1147}\" \/><strong bis_size=\"{&quot;x&quot;:11,&quot;y&quot;:474,&quot;w&quot;:210,&quot;h&quot;:19,&quot;abs_x&quot;:560,&quot;abs_y&quot;:1171}\">CARNAL exclusive wines:<\/strong> Casa da Passarella, Elite Vinhos, Fita Preta, Herdade do Rocim, Soalheiro, Textura Wines, Vicentino<br bis_size=\"{&quot;x&quot;:265,&quot;y&quot;:498,&quot;w&quot;:0,&quot;h&quot;:19,&quot;abs_x&quot;:814,&quot;abs_y&quot;:1195}\" \/><strong bis_size=\"{&quot;x&quot;:11,&quot;y&quot;:522,&quot;w&quot;:56,&quot;h&quot;:19,&quot;abs_x&quot;:560,&quot;abs_y&quot;:1219}\">Portal:<\/strong> Carlito Dalceggio, David Negr\u00e3o, M\u00e1rio Bel\u00e9m, Muarts, Xico Teixeira<br bis_size=\"{&quot;x&quot;:558,&quot;y&quot;:522,&quot;w&quot;:0,&quot;h&quot;:19,&quot;abs_x&quot;:1107,&quot;abs_y&quot;:1219}\" \/><strong bis_size=\"{&quot;x&quot;:11,&quot;y&quot;:546,&quot;w&quot;:221,&quot;h&quot;:19,&quot;abs_x&quot;:560,&quot;abs_y&quot;:1243}\">Water purification system:<\/strong> CleanPur<br bis_size=\"{&quot;x&quot;:301,&quot;y&quot;:546,&quot;w&quot;:0,&quot;h&quot;:19,&quot;abs_x&quot;:850,&quot;abs_y&quot;:1243}\" \/><strong bis_size=\"{&quot;x&quot;:11,&quot;y&quot;:570,&quot;w&quot;:117,&quot;h&quot;:19,&quot;abs_x&quot;:560,&quot;abs_y&quot;:1267}\">Sponsored by:<\/strong> CleanPur, Corona, Patr\u00f3n Tequila, Gem &amp; Bolt, SMEG, 9Hotel Mercy<\/p>\n<p>[\/et_pb_blurb][\/et_pb_column][et_pb_column type=&#8221;2_5&#8243; _builder_version=&#8221;4.16&#8243; _module_preset=&#8221;default&#8221; global_colors_info=&#8221;{}&#8221;][\/et_pb_column][\/et_pb_row][\/et_pb_section]<\/p>\n","protected":false},"excerpt":{"rendered":"<p>Blood of our bloodChef Patr\u00f3n: Ljubomir StanisicManagement: Nelson SantosF&amp;B Manager: Nuno FariaManagement Control: Miguel \u00c2ngelo FernandesExecutive Chef: Manuel MaldonadoHead Chef: Luis OrtizArt: Carlito DalceggioCreative Direction, Image and Communication: M\u00f3nica FrancoPress &amp; Communication: Laura Patr\u00edcio, Beatriz Ser\u00e1pioGraphic Identity: Gil Correia, Dina CamachoWebdesign &amp; Web Care: BinaryBrigadeTableware: Maria Portugal Terracota \/ VillacerCutlery: CristemaUniforms: Carlito Dalceggio, +351Music: Nuno [&hellip;]<\/p>\n","protected":false},"author":1,"featured_media":0,"parent":0,"menu_order":0,"comment_status":"closed","ping_status":"closed","template":"","meta":{"_et_pb_use_builder":"on","_et_pb_old_content":"","_et_gb_content_width":"","footnotes":""},"class_list":["post-3571","page","type-page","status-publish","hentry"],"_links":{"self":[{"href":"https:\/\/carnal.pt\/en\/wp-json\/wp\/v2\/pages\/3571","targetHints":{"allow":["GET"]}}],"collection":[{"href":"https:\/\/carnal.pt\/en\/wp-json\/wp\/v2\/pages"}],"about":[{"href":"https:\/\/carnal.pt\/en\/wp-json\/wp\/v2\/types\/page"}],"author":[{"embeddable":true,"href":"https:\/\/carnal.pt\/en\/wp-json\/wp\/v2\/users\/1"}],"replies":[{"embeddable":true,"href":"https:\/\/carnal.pt\/en\/wp-json\/wp\/v2\/comments?post=3571"}],"version-history":[{"count":7,"href":"https:\/\/carnal.pt\/en\/wp-json\/wp\/v2\/pages\/3571\/revisions"}],"predecessor-version":[{"id":4547,"href":"https:\/\/carnal.pt\/en\/wp-json\/wp\/v2\/pages\/3571\/revisions\/4547"}],"wp:attachment":[{"href":"https:\/\/carnal.pt\/en\/wp-json\/wp\/v2\/media?parent=3571"}],"curies":[{"name":"wp","href":"https:\/\/api.w.org\/{rel}","templated":true}]}}