{"id":3546,"date":"2022-02-17T16:39:47","date_gmt":"2022-02-17T16:39:47","guid":{"rendered":"https:\/\/carnal.pt\/el-cartel-carnal\/"},"modified":"2025-09-01T12:53:54","modified_gmt":"2025-09-01T11:53:54","slug":"el-cartel-carnal","status":"publish","type":"page","link":"https:\/\/carnal.pt\/en\/el-cartel-carnal\/","title":{"rendered":"El Cartel"},"content":{"rendered":"<p>[et_pb_section fb_built=&#8221;1&#8243; module_class=&#8221;altura_menu&#8221; _builder_version=&#8221;4.17.4&#8243; _module_preset=&#8221;default&#8221; background_enable_color=&#8221;off&#8221; background_image=&#8221;https:\/\/carnal.pt\/wp-content\/uploads\/2022\/06\/Carnal-Abertura-centrado-02.gif&#8221; background_position=&#8221;top_center&#8221; min_height=&#8221;100vh&#8221; custom_margin=&#8221;||||false|false&#8221; custom_padding=&#8221;0px||0px||false|false&#8221; background_color_tablet=&#8221;#000000&#8243; background_last_edited=&#8221;on|phone&#8221; background_enable_color_tablet=&#8221;on&#8221; use_background_color_gradient_tablet=&#8221;off&#8221; use_background_color_gradient_phone=&#8221;off&#8221; background_image_tablet=&#8221;https:\/\/carnal.pt\/wp-content\/uploads\/2022\/07\/Livre-Tablet-01.gif&#8221; background_image_phone=&#8221;https:\/\/carnal.pt\/wp-content\/uploads\/2022\/07\/Livre_mobile-01.gif&#8221; background_enable_image_tablet=&#8221;on&#8221; background_enable_image_phone=&#8221;on&#8221; background_size_tablet=&#8221;contain&#8221; background_size_phone=&#8221;custom&#8221; background_image_width_phone=&#8221;120%&#8221; background_position_tablet=&#8221;top_center&#8221; background_position_phone=&#8221;top_center&#8221; custom_css_main_element=&#8221;display: flex; ||flex-direction: column;||align-items: flex-end;&#8221; global_colors_info=&#8221;{}&#8221;][et_pb_row custom_padding_last_edited=&#8221;on|phone&#8221; _builder_version=&#8221;4.17.4&#8243; _module_preset=&#8221;default&#8221; custom_padding=&#8221;20vh||0px||false|false&#8221; custom_padding_tablet=&#8221;15vh||||false|false&#8221; custom_padding_phone=&#8221;6vh||||false|false&#8221; global_colors_info=&#8221;{}&#8221;][et_pb_column type=&#8221;4_4&#8243; _builder_version=&#8221;4.17.4&#8243; _module_preset=&#8221;default&#8221; global_colors_info=&#8221;{}&#8221;][et_pb_text _builder_version=&#8221;4.17.4&#8243; _module_preset=&#8221;default&#8221; header_text_align=&#8221;center&#8221; header_text_color=&#8221;#FFFFFF&#8221; header_font_size=&#8221;6rem&#8221; header_2_text_color=&#8221;#101010&#8243; header_2_font_size=&#8221;4rem&#8221; header_3_text_color=&#8221;#101010&#8243; header_3_font_size=&#8221;3rem&#8221; header_4_text_color=&#8221;#101010&#8243; header_4_font_size=&#8221;2rem&#8221; header_5_font_size=&#8221;1rem&#8221; scroll_vertical_motion_enable=&#8221;on&#8221; scroll_vertical_motion=&#8221;0|50|50|100|0.5|0|-0.5&#8243; motion_trigger_start=&#8221;bottom&#8221; header_font_size_tablet=&#8221;4rem&#8221; header_font_size_phone=&#8221;3rem&#8221; header_font_size_last_edited=&#8221;on|phone&#8221; locked=&#8221;off&#8221; global_colors_info=&#8221;{}&#8221;]<\/p>\n<h1>El Cartel<\/h1>\n<p>[\/et_pb_text][\/et_pb_column][\/et_pb_row][\/et_pb_section][et_pb_section fb_built=&#8221;1&#8243; _builder_version=&#8221;4.17.4&#8243; _module_preset=&#8221;default&#8221; background_color=&#8221;#010101&#8243; custom_margin=&#8221;||||false|false&#8221; custom_padding=&#8221;0px||||false|false&#8221; global_colors_info=&#8221;{}&#8221;][et_pb_row column_structure=&#8221;1_3,1_3,1_3&#8243; make_equal=&#8221;on&#8221; _builder_version=&#8221;4.17.4&#8243; _module_preset=&#8221;default&#8221; width_tablet=&#8221;70%&#8221; width_phone=&#8221;80%&#8221; width_last_edited=&#8221;on|phone&#8221; custom_padding=&#8221;||||false|false&#8221; global_colors_info=&#8221;{}&#8221;][et_pb_column type=&#8221;1_3&#8243; _builder_version=&#8221;4.16&#8243; _module_preset=&#8221;default&#8221; background_enable_color=&#8221;off&#8221; global_colors_info=&#8221;{}&#8221;][et_pb_image src=&#8221;https:\/\/carnal.pt\/wp-content\/uploads\/2022\/07\/DSC9155.jpg&#8221; alt=&#8221;NELSON SANTOS, EL PAPI CHULO&#8221; title_text=&#8221;NELSON SANTOS, EL PAPI CHULO&#8221; _builder_version=&#8221;4.17.4&#8243; _module_preset=&#8221;default&#8221; custom_margin=&#8221;||5px||false|false&#8221; custom_padding=&#8221;||||false|false&#8221; scroll_fade_enable=&#8221;on&#8221; scroll_fade=&#8221;0|50|50|100|30%|100|100&#8243; motion_trigger_start=&#8221;top&#8221; global_colors_info=&#8221;{}&#8221;][\/et_pb_image][et_pb_text _builder_version=&#8221;4.17.4&#8243; _module_preset=&#8221;default&#8221; text_font=&#8221;ELEGANT TYPEWRITER Bold||||||||&#8221; text_text_color=&#8221;#FFFFFF&#8221; text_font_size=&#8221;0.95rem&#8221; text_line_height=&#8221;1.3em&#8221; header_3_font=&#8221;YWFT Ultramagnetic Rough|||on|||||&#8221; header_3_text_color=&#8221;#FFFFFF&#8221; background_color=&#8221;#000000&#8243; text_orientation=&#8221;center&#8221; custom_padding=&#8221;18px|3px|18px|3px|true|true&#8221; scroll_fade_enable=&#8221;on&#8221; scroll_fade=&#8221;0|50|50|100|30%|100|100&#8243; motion_trigger_start=&#8221;top&#8221; border_width_all=&#8221;12px&#8221; border_color_all=&#8221;rgba(255,255,255,0.25)&#8221; global_colors_info=&#8221;{}&#8221;]<\/p>\n<h3>Nelson Santos, El Papi Chulo<\/h3>\n<p>Manager at 100 Maneiras&#8217; group[\/et_pb_text][\/et_pb_column][et_pb_column type=&#8221;1_3&#8243; _builder_version=&#8221;4.16&#8243; _module_preset=&#8221;default&#8221; background_enable_color=&#8221;off&#8221; global_colors_info=&#8221;{}&#8221;][et_pb_image src=&#8221;https:\/\/carnal.pt\/wp-content\/uploads\/2022\/02\/Ljubomir-Stanisic.jpg&#8221; alt=&#8221;Luis Ortiz, El Cacique Head Chef at Carnal&#8221; title_text=&#8221;Ljubomir Stanisic&#8221; _builder_version=&#8221;4.17.4&#8243; _module_preset=&#8221;default&#8221; custom_margin=&#8221;||5px||false|false&#8221; custom_padding=&#8221;||||false|false&#8221; scroll_fade_enable=&#8221;on&#8221; scroll_fade=&#8221;0|50|50|100|30%|100|100&#8243; motion_trigger_start=&#8221;top&#8221; global_colors_info=&#8221;{}&#8221;][\/et_pb_image][et_pb_text _builder_version=&#8221;4.17.4&#8243; _module_preset=&#8221;default&#8221; text_font=&#8221;ELEGANT TYPEWRITER Bold||||||||&#8221; text_text_color=&#8221;#FFFFFF&#8221; text_font_size=&#8221;0.95rem&#8221; text_line_height=&#8221;1.3em&#8221; header_3_font=&#8221;YWFT Ultramagnetic Rough|||on|||||&#8221; header_3_text_color=&#8221;#FFFFFF&#8221; background_color=&#8221;#000000&#8243; text_orientation=&#8221;center&#8221; custom_padding=&#8221;18px|3px|18px|3px|true|true&#8221; scroll_fade_enable=&#8221;on&#8221; scroll_fade=&#8221;0|50|50|100|30%|100|100&#8243; motion_trigger_start=&#8221;top&#8221; border_width_all=&#8221;12px&#8221; border_color_all=&#8221;rgba(255,255,255,0.25)&#8221; global_colors_info=&#8221;{}&#8221;]<\/p>\n<h3>Ljubomir Stanisic, El Patr\u00f3n<\/h3>\n<p>Chef-patron of 100 Maneiras Group[\/et_pb_text][\/et_pb_column][et_pb_column type=&#8221;1_3&#8243; _builder_version=&#8221;4.16&#8243; _module_preset=&#8221;default&#8221; background_enable_color=&#8221;off&#8221; global_colors_info=&#8221;{}&#8221;][et_pb_image src=&#8221;https:\/\/carnal.pt\/wp-content\/uploads\/2023\/07\/Joyce-Trigueiro-@MAYUKA_tiagomaya-8.jpg&#8221; alt=&#8221;Maria Wanzeller&#8221; title_text=&#8221;Joyce Trigueiro&#8221; _builder_version=&#8221;4.19.3&#8243; _module_preset=&#8221;default&#8221; custom_margin=&#8221;||5px||false|false&#8221; custom_padding=&#8221;||||false|false&#8221; scroll_fade_enable=&#8221;on&#8221; scroll_fade=&#8221;0|50|50|100|30%|100|100&#8243; motion_trigger_start=&#8221;top&#8221; global_colors_info=&#8221;{}&#8221;][\/et_pb_image][et_pb_text _builder_version=&#8221;4.27.4&#8243; _module_preset=&#8221;default&#8221; text_font=&#8221;ELEGANT TYPEWRITER Bold||||||||&#8221; text_text_color=&#8221;#FFFFFF&#8221; text_font_size=&#8221;0.95rem&#8221; text_line_height=&#8221;1.3em&#8221; header_3_font=&#8221;YWFT Ultramagnetic Rough|||on|||||&#8221; header_3_text_color=&#8221;#FFFFFF&#8221; background_color=&#8221;#000000&#8243; text_orientation=&#8221;center&#8221; custom_padding=&#8221;18px|3px|18px|3px|true|true&#8221; scroll_fade_enable=&#8221;on&#8221; scroll_fade=&#8221;0|50|50|100|30%|100|100&#8243; motion_trigger_start=&#8221;top&#8221; hover_enabled=&#8221;0&#8243; border_width_all=&#8221;12px&#8221; border_color_all=&#8221;rgba(255,255,255,0.25)&#8221; global_colors_info=&#8221;{}&#8221; sticky_enabled=&#8221;0&#8243;]<\/p>\n<h3>Joyce Trigueiro, La Prima<\/h3>\n<p>Assistant Restaurant Manager[\/et_pb_text][\/et_pb_column][\/et_pb_row][et_pb_row column_structure=&#8221;1_3,1_3,1_3&#8243; make_equal=&#8221;on&#8221; _builder_version=&#8221;4.17.4&#8243; _module_preset=&#8221;default&#8221; width_tablet=&#8221;70%&#8221; width_phone=&#8221;80%&#8221; width_last_edited=&#8221;on|phone&#8221; custom_padding=&#8221;||||false|false&#8221; global_colors_info=&#8221;{}&#8221;][et_pb_column type=&#8221;1_3&#8243; _builder_version=&#8221;4.16&#8243; _module_preset=&#8221;default&#8221; background_enable_color=&#8221;off&#8221; global_colors_info=&#8221;{}&#8221;][et_pb_image src=&#8221;https:\/\/carnal.pt\/wp-content\/uploads\/2022\/07\/DSC9139.jpg&#8221; alt=&#8221;NUNO FARIA, EL PADR\u00cdSIMO&#8221; title_text=&#8221;_DSC9139&#8243; _builder_version=&#8221;4.17.4&#8243; _module_preset=&#8221;default&#8221; custom_margin=&#8221;||5px||false|false&#8221; custom_padding=&#8221;||||false|false&#8221; scroll_fade_enable=&#8221;on&#8221; scroll_fade=&#8221;0|50|50|100|30%|100|100&#8243; motion_trigger_start=&#8221;top&#8221; global_colors_info=&#8221;{}&#8221;][\/et_pb_image][et_pb_text _builder_version=&#8221;4.17.4&#8243; _module_preset=&#8221;default&#8221; text_font=&#8221;ELEGANT TYPEWRITER Bold||||||||&#8221; text_text_color=&#8221;#FFFFFF&#8221; text_font_size=&#8221;0.95rem&#8221; text_line_height=&#8221;1.3em&#8221; header_3_font=&#8221;YWFT Ultramagnetic Rough|||on|||||&#8221; header_3_text_color=&#8221;#FFFFFF&#8221; background_color=&#8221;#000000&#8243; text_orientation=&#8221;center&#8221; custom_padding=&#8221;18px|3px|18px|3px|true|true&#8221; scroll_fade_enable=&#8221;on&#8221; scroll_fade=&#8221;0|50|50|100|30%|100|100&#8243; motion_trigger_start=&#8221;top&#8221; border_width_all=&#8221;12px&#8221; border_color_all=&#8221;rgba(255,255,255,0.25)&#8221; global_colors_info=&#8221;{}&#8221;]<\/p>\n<h3>Nuno Faria, El Padr\u00edsimo<\/h3>\n<p>F&#038;B Manager at 100 Maneiras&#8217; group[\/et_pb_text][\/et_pb_column][et_pb_column type=&#8221;1_3&#8243; _builder_version=&#8221;4.16&#8243; _module_preset=&#8221;default&#8221; background_enable_color=&#8221;off&#8221; global_colors_info=&#8221;{}&#8221;][et_pb_image src=&#8221;https:\/\/carnal.pt\/wp-content\/uploads\/2022\/07\/DSC9129.jpg&#8221; alt=&#8221;MIGUEL \u00c2NGELO, EL MORANGO&#8221; title_text=&#8221;MIGUEL \u00c2NGELO, EL MORANGO&#8221; _builder_version=&#8221;4.17.4&#8243; _module_preset=&#8221;default&#8221; custom_margin=&#8221;||5px||false|false&#8221; custom_padding=&#8221;||||false|false&#8221; scroll_fade_enable=&#8221;on&#8221; scroll_fade=&#8221;0|50|50|100|30%|100|100&#8243; motion_trigger_start=&#8221;top&#8221; global_colors_info=&#8221;{}&#8221;][\/et_pb_image][et_pb_text _builder_version=&#8221;4.17.4&#8243; _module_preset=&#8221;default&#8221; text_font=&#8221;ELEGANT TYPEWRITER Bold||||||||&#8221; text_text_color=&#8221;#FFFFFF&#8221; text_font_size=&#8221;0.95rem&#8221; text_line_height=&#8221;1.3em&#8221; header_3_font=&#8221;YWFT Ultramagnetic Rough|||on|||||&#8221; header_3_text_color=&#8221;#FFFFFF&#8221; background_color=&#8221;#000000&#8243; text_orientation=&#8221;center&#8221; custom_padding=&#8221;18px|3px|18px|3px|true|true&#8221; scroll_fade_enable=&#8221;on&#8221; scroll_fade=&#8221;0|50|50|100|30%|100|100&#8243; motion_trigger_start=&#8221;top&#8221; border_width_all=&#8221;12px&#8221; border_color_all=&#8221;rgba(255,255,255,0.25)&#8221; global_colors_info=&#8221;{}&#8221;]<\/p>\n<h3>Miguel \u00c2ngelo, El Morango<\/h3>\n<p>Management Control at 100 Maneiras&#8217; group[\/et_pb_text][\/et_pb_column][et_pb_column type=&#8221;1_3&#8243; _builder_version=&#8221;4.16&#8243; _module_preset=&#8221;default&#8221; background_enable_color=&#8221;off&#8221; global_colors_info=&#8221;{}&#8221;][et_pb_image src=&#8221;https:\/\/carnal.pt\/wp-content\/uploads\/2022\/07\/DSC9177.jpg&#8221; alt=&#8221;MANUEL MALDONADO, EL CAPIT\u00c1N&#8221; title_text=&#8221;MANUEL MALDONADO, EL CAPIT\u00c1N&#8221; _builder_version=&#8221;4.17.4&#8243; _module_preset=&#8221;default&#8221; custom_margin=&#8221;||5px||false|false&#8221; custom_padding=&#8221;||||false|false&#8221; scroll_fade_enable=&#8221;on&#8221; scroll_fade=&#8221;0|50|50|100|30%|100|100&#8243; motion_trigger_start=&#8221;top&#8221; global_colors_info=&#8221;{}&#8221;][\/et_pb_image][et_pb_text _builder_version=&#8221;4.17.4&#8243; _module_preset=&#8221;default&#8221; text_font=&#8221;ELEGANT TYPEWRITER Bold||||||||&#8221; text_text_color=&#8221;#FFFFFF&#8221; text_font_size=&#8221;0.95rem&#8221; text_line_height=&#8221;1.3em&#8221; header_3_font=&#8221;YWFT Ultramagnetic Rough|||on|||||&#8221; header_3_text_color=&#8221;#FFFFFF&#8221; background_color=&#8221;#000000&#8243; text_orientation=&#8221;center&#8221; custom_padding=&#8221;18px|3px|18px|3px|true|true&#8221; scroll_fade_enable=&#8221;on&#8221; scroll_fade=&#8221;0|50|50|100|30%|100|100&#8243; motion_trigger_start=&#8221;top&#8221; border_width_all=&#8221;12px&#8221; border_color_all=&#8221;rgba(255,255,255,0.25)&#8221; global_colors_info=&#8221;{}&#8221;]<\/p>\n<h3>Manuel Maldonado, El Capit\u00e1n<\/h3>\n<p>Executive Chef at 100 Maneiras&#8217; group[\/et_pb_text][\/et_pb_column][\/et_pb_row][et_pb_row column_structure=&#8221;1_3,1_3,1_3&#8243; make_equal=&#8221;on&#8221; _builder_version=&#8221;4.17.4&#8243; _module_preset=&#8221;default&#8221; width_tablet=&#8221;70%&#8221; width_phone=&#8221;80%&#8221; width_last_edited=&#8221;on|phone&#8221; custom_padding=&#8221;||||false|false&#8221; global_colors_info=&#8221;{}&#8221;][et_pb_column type=&#8221;1_3&#8243; _builder_version=&#8221;4.16&#8243; _module_preset=&#8221;default&#8221; background_enable_color=&#8221;off&#8221; global_colors_info=&#8221;{}&#8221;][et_pb_image src=&#8221;https:\/\/carnal.pt\/wp-content\/uploads\/2023\/07\/Grecia-yamilet-cruz-delgado@MAYUKA_tiagomaya-10.jpg&#8221; alt=&#8221;Jo\u00e3o Sancheira, El Toro&#8221; title_text=&#8221;Grecia Yamilet&#8221; _builder_version=&#8221;4.19.3&#8243; _module_preset=&#8221;default&#8221; custom_margin=&#8221;||5px||false|false&#8221; custom_padding=&#8221;||||false|false&#8221; scroll_fade_enable=&#8221;on&#8221; scroll_fade=&#8221;0|50|50|100|30%|100|100&#8243; motion_trigger_start=&#8221;top&#8221; global_colors_info=&#8221;{}&#8221;][\/et_pb_image][et_pb_text _builder_version=&#8221;4.27.4&#8243; _module_preset=&#8221;default&#8221; text_font=&#8221;ELEGANT TYPEWRITER Bold||||||||&#8221; text_text_color=&#8221;#FFFFFF&#8221; text_font_size=&#8221;0.95rem&#8221; text_line_height=&#8221;1.3em&#8221; header_3_font=&#8221;YWFT Ultramagnetic Rough|||on|||||&#8221; header_3_text_color=&#8221;#FFFFFF&#8221; background_color=&#8221;#000000&#8243; text_orientation=&#8221;center&#8221; custom_padding=&#8221;18px|3px|18px|3px|true|true&#8221; scroll_fade_enable=&#8221;on&#8221; scroll_fade=&#8221;0|50|50|100|30%|100|100&#8243; motion_trigger_start=&#8221;top&#8221; border_width_all=&#8221;12px&#8221; border_color_all=&#8221;rgba(255,255,255,0.25)&#8221; global_colors_info=&#8221;{}&#8221;]<\/p>\n<h3>Grecia\u00a0Yamilet, La Chola<\/h3>\n<p>Sous Chef<\/p>\n<p>[\/et_pb_text][\/et_pb_column][et_pb_column type=&#8221;1_3&#8243; _builder_version=&#8221;4.16&#8243; _module_preset=&#8221;default&#8221; background_enable_color=&#8221;off&#8221; global_colors_info=&#8221;{}&#8221;][et_pb_image src=&#8221;https:\/\/carnal.pt\/wp-content\/uploads\/2023\/07\/Rafael-Vairinhos@MAYUKA_tiagomaya-1.jpg&#8221; alt=&#8221;Maria Wanzeller&#8221; title_text=&#8221;Rafael Vairinhos&#8221; _builder_version=&#8221;4.19.3&#8243; _module_preset=&#8221;default&#8221; custom_margin=&#8221;||5px||false|false&#8221; custom_padding=&#8221;||||false|false&#8221; scroll_fade_enable=&#8221;on&#8221; scroll_fade=&#8221;0|50|50|100|30%|100|100&#8243; motion_trigger_start=&#8221;top&#8221; global_colors_info=&#8221;{}&#8221;][\/et_pb_image][et_pb_text _builder_version=&#8221;4.24.0&#8243; _module_preset=&#8221;default&#8221; text_font=&#8221;ELEGANT TYPEWRITER Bold||||||||&#8221; text_text_color=&#8221;#FFFFFF&#8221; text_font_size=&#8221;0.95rem&#8221; text_line_height=&#8221;1.3em&#8221; header_3_font=&#8221;YWFT Ultramagnetic Rough|||on|||||&#8221; header_3_text_color=&#8221;#FFFFFF&#8221; background_color=&#8221;#000000&#8243; text_orientation=&#8221;center&#8221; custom_padding=&#8221;18px|3px|18px|3px|true|true&#8221; scroll_fade_enable=&#8221;on&#8221; scroll_fade=&#8221;0|50|50|100|30%|100|100&#8243; motion_trigger_start=&#8221;top&#8221; border_width_all=&#8221;12px&#8221; border_color_all=&#8221;rgba(255,255,255,0.25)&#8221; global_colors_info=&#8221;{}&#8221;]<\/p>\n<h3>Rafael Vairinhos, El Matador<\/h3>\n<p>Co-Head Bartender[\/et_pb_text][\/et_pb_column][et_pb_column type=&#8221;1_3&#8243; _builder_version=&#8221;4.16&#8243; _module_preset=&#8221;default&#8221; background_enable_color=&#8221;off&#8221; global_colors_info=&#8221;{}&#8221;][et_pb_image src=&#8221;https:\/\/carnal.pt\/wp-content\/uploads\/2025\/05\/JORGE-LIBRE.jpg&#8221; alt=&#8221;Maria Wanzeller, La Gringa&#8221; title_text=&#8221;JORGE-LIBRE&#8221; url=&#8221;@ET-DC@eyJkeW5hbWljIjp0cnVlLCJjb250ZW50IjoicG9zdF9saW5rX3VybF9wYWdlIiwic2V0dGluZ3MiOnsicG9zdF9pZCI6IjE1OTIifX0=@&#8221; _builder_version=&#8221;4.27.4&#8243; _dynamic_attributes=&#8221;url&#8221; _module_preset=&#8221;default&#8221; custom_margin=&#8221;||5px||false|false&#8221; custom_padding=&#8221;||||false|false&#8221; global_colors_info=&#8221;{}&#8221;][\/et_pb_image][et_pb_text _builder_version=&#8221;4.27.4&#8243; _dynamic_attributes=&#8221;link_option_url&#8221; _module_preset=&#8221;default&#8221; text_font=&#8221;ELEGANT TYPEWRITER Bold||||||||&#8221; text_text_color=&#8221;#FFFFFF&#8221; text_font_size=&#8221;0.95rem&#8221; text_line_height=&#8221;1.3em&#8221; header_3_font=&#8221;YWFT Ultramagnetic Rough|||on|||||&#8221; header_3_text_color=&#8221;#FFFFFF&#8221; background_color=&#8221;#000000&#8243; text_orientation=&#8221;center&#8221; custom_padding=&#8221;18px|3px|18px|3px|true|true&#8221; link_option_url=&#8221;@ET-DC@eyJkeW5hbWljIjp0cnVlLCJjb250ZW50IjoicG9zdF9saW5rX3VybF9wYWdlIiwic2V0dGluZ3MiOnsicG9zdF9pZCI6IjE1OTIifX0=@&#8221; border_width_all=&#8221;12px&#8221; border_color_all=&#8221;#494848&#8243; global_colors_info=&#8221;{}&#8221; background__hover_enabled=&#8221;on|hover&#8221; background_color__hover=&#8221;#494848&#8243; background_enable_color__hover=&#8221;on&#8221;]<\/p>\n<h3>Jorge Camilo, El Travieso<\/h3>\n<p>Bar Manager at 100 Maneiras&#8217; group<\/p>\n<p>[\/et_pb_text][\/et_pb_column][\/et_pb_row][et_pb_row column_structure=&#8221;1_3,1_3,1_3&#8243; make_equal=&#8221;on&#8221; _builder_version=&#8221;4.17.4&#8243; _module_preset=&#8221;default&#8221; width_tablet=&#8221;70%&#8221; width_phone=&#8221;80%&#8221; width_last_edited=&#8221;on|phone&#8221; custom_padding=&#8221;||||false|false&#8221; global_colors_info=&#8221;{}&#8221;][et_pb_column type=&#8221;1_3&#8243; _builder_version=&#8221;4.16&#8243; _module_preset=&#8221;default&#8221; background_enable_color=&#8221;off&#8221; global_colors_info=&#8221;{}&#8221;][et_pb_image src=&#8221;https:\/\/carnal.pt\/wp-content\/uploads\/2022\/02\/Eugeniu-Musteata2-2.jpg&#8221; alt=&#8221;Eugeniu Musteata, El Ruso&#8221; title_text=&#8221;Eugeniu-Musteata2&#8243; _builder_version=&#8221;4.17.4&#8243; _module_preset=&#8221;default&#8221; custom_margin=&#8221;||5px||false|false&#8221; custom_padding=&#8221;||||false|false&#8221; scroll_fade_enable=&#8221;on&#8221; scroll_fade=&#8221;0|50|50|100|30%|100|100&#8243; motion_trigger_start=&#8221;top&#8221; global_colors_info=&#8221;{}&#8221;][\/et_pb_image][et_pb_text _builder_version=&#8221;4.17.4&#8243; _module_preset=&#8221;default&#8221; text_font=&#8221;ELEGANT TYPEWRITER Bold||||||||&#8221; text_text_color=&#8221;#FFFFFF&#8221; text_font_size=&#8221;0.95rem&#8221; text_line_height=&#8221;1.3em&#8221; header_3_font=&#8221;YWFT Ultramagnetic Rough|||on|||||&#8221; header_3_text_color=&#8221;#FFFFFF&#8221; background_color=&#8221;#000000&#8243; text_orientation=&#8221;center&#8221; custom_padding=&#8221;18px|3px|18px|3px|true|true&#8221; scroll_fade_enable=&#8221;on&#8221; scroll_fade=&#8221;0|50|50|100|30%|100|100&#8243; motion_trigger_start=&#8221;top&#8221; border_width_all=&#8221;12px&#8221; border_color_all=&#8221;rgba(255,255,255,0.25)&#8221; global_colors_info=&#8221;{}&#8221;]<\/p>\n<h3>Eugeniu Musteata, El Ruso<\/h3>\n<p>Chef at 100 Maneiras&#8217; group[\/et_pb_text][\/et_pb_column][et_pb_column type=&#8221;1_3&#8243; _builder_version=&#8221;4.16&#8243; _module_preset=&#8221;default&#8221; background_enable_color=&#8221;off&#8221; global_colors_info=&#8221;{}&#8221;][et_pb_image src=&#8221;https:\/\/carnal.pt\/wp-content\/uploads\/2022\/06\/Libre-ElCartel.gif&#8221; alt=&#8221;Maria Wanzeller, La Gringa&#8221; title_text=&#8221;Libre-ElCartel&#8221; url=&#8221;@ET-DC@eyJkeW5hbWljIjp0cnVlLCJjb250ZW50IjoicG9zdF9saW5rX3VybF9wYWdlIiwic2V0dGluZ3MiOnsicG9zdF9pZCI6IjE1OTIifX0=@&#8221; _builder_version=&#8221;4.17.4&#8243; _dynamic_attributes=&#8221;url&#8221; _module_preset=&#8221;default&#8221; custom_margin=&#8221;||5px||false|false&#8221; custom_padding=&#8221;||||false|false&#8221; global_colors_info=&#8221;{}&#8221;][\/et_pb_image][et_pb_text _builder_version=&#8221;4.17.4&#8243; _dynamic_attributes=&#8221;link_option_url&#8221; _module_preset=&#8221;default&#8221; text_font=&#8221;ELEGANT TYPEWRITER Bold||||||||&#8221; text_text_color=&#8221;#FFFFFF&#8221; text_font_size=&#8221;0.95rem&#8221; text_line_height=&#8221;1.3em&#8221; header_3_font=&#8221;YWFT Ultramagnetic Rough|||on|||||&#8221; header_3_text_color=&#8221;#FFFFFF&#8221; background_color=&#8221;#000000&#8243; text_orientation=&#8221;center&#8221; custom_padding=&#8221;18px|3px|18px|3px|true|true&#8221; link_option_url=&#8221;@ET-DC@eyJkeW5hbWljIjp0cnVlLCJjb250ZW50IjoicG9zdF9saW5rX3VybF9wYWdlIiwic2V0dGluZ3MiOnsicG9zdF9pZCI6IjE1OTIifX0=@&#8221; border_width_all=&#8221;12px&#8221; border_color_all=&#8221;#494848&#8243; global_colors_info=&#8221;{}&#8221; background__hover_enabled=&#8221;on|hover&#8221; background_color__hover=&#8221;#494848&#8243; background_enable_color__hover=&#8221;on&#8221;]<\/p>\n<h3>Join the Cartel<\/h3>\n<p>El formul\u00e1rio<\/p>\n<p>[\/et_pb_text][\/et_pb_column][et_pb_column type=&#8221;1_3&#8243; _builder_version=&#8221;4.16&#8243; _module_preset=&#8221;default&#8221; background_enable_color=&#8221;off&#8221; global_colors_info=&#8221;{}&#8221;][\/et_pb_column][\/et_pb_row][\/et_pb_section]<\/p>\n","protected":false},"excerpt":{"rendered":"<p>El CartelNelson Santos, El Papi Chulo Manager at 100 Maneiras&#8217; groupLjubomir Stanisic, El Patr\u00f3n Chef-patron of 100 Maneiras GroupJoyce Trigueiro, La Prima Assistant Restaurant ManagerNuno Faria, El Padr\u00edsimo F&#038;B Manager at 100 Maneiras&#8217; groupMiguel \u00c2ngelo, El Morango Management Control at 100 Maneiras&#8217; groupManuel Maldonado, El Capit\u00e1n Executive Chef at 100 Maneiras&#8217; groupGrecia\u00a0Yamilet, La Chola Sous [&hellip;]<\/p>\n","protected":false},"author":1,"featured_media":0,"parent":0,"menu_order":0,"comment_status":"closed","ping_status":"closed","template":"","meta":{"_et_pb_use_builder":"on","_et_pb_old_content":"","_et_gb_content_width":"","footnotes":""},"class_list":["post-3546","page","type-page","status-publish","hentry"],"_links":{"self":[{"href":"https:\/\/carnal.pt\/en\/wp-json\/wp\/v2\/pages\/3546","targetHints":{"allow":["GET"]}}],"collection":[{"href":"https:\/\/carnal.pt\/en\/wp-json\/wp\/v2\/pages"}],"about":[{"href":"https:\/\/carnal.pt\/en\/wp-json\/wp\/v2\/types\/page"}],"author":[{"embeddable":true,"href":"https:\/\/carnal.pt\/en\/wp-json\/wp\/v2\/users\/1"}],"replies":[{"embeddable":true,"href":"https:\/\/carnal.pt\/en\/wp-json\/wp\/v2\/comments?post=3546"}],"version-history":[{"count":10,"href":"https:\/\/carnal.pt\/en\/wp-json\/wp\/v2\/pages\/3546\/revisions"}],"predecessor-version":[{"id":5026,"href":"https:\/\/carnal.pt\/en\/wp-json\/wp\/v2\/pages\/3546\/revisions\/5026"}],"wp:attachment":[{"href":"https:\/\/carnal.pt\/en\/wp-json\/wp\/v2\/media?parent=3546"}],"curies":[{"name":"wp","href":"https:\/\/api.w.org\/{rel}","templated":true}]}}